{"id":86,"date":"2018-07-06T12:09:09","date_gmt":"2018-07-06T10:09:09","guid":{"rendered":"http:\/\/welchome.lu\/?page_id=86"},"modified":"2022-03-09T12:59:15","modified_gmt":"2022-03-09T11:59:15","slug":"nos-services","status":"publish","type":"page","link":"https:\/\/welchome.lu\/?page_id=86","title":{"rendered":"Nos services"},"content":{"rendered":"<div id=\"pl-86\"  class=\"panel-layout\" ><div id=\"pg-86-0\"  class=\"panel-grid panel-has-style\" ><div class=\"siteorigin-panels-stretch panel-row-style panel-row-style-for-86-0\" style=\"padding: 100px 0; \" data-stretch-type=\"full-stretched-padded\" data-overlay=\"true\" data-overlay-color=\"#000000\" ><div id=\"pgc-86-0-0\"  class=\"panel-grid-cell\" ><div id=\"panel-86-0-0-0\" class=\"so-panel widget widget_sow-icon panel-first-child panel-last-child\" data-index=\"0\" ><div style=\"text-align: center;\" data-title-color=\"#443f3f\" data-headings-color=\"#443f3f\" class=\"panel-widget-style panel-widget-style-for-86-0-0-0\" ><div\n\t\t\t\n\t\t\tclass=\"so-widget-sow-icon so-widget-sow-icon-default-7127db9bdc6b-86\"\n\t\t\t\n\t\t>\n<div class=\"sow-icon-container sow-icon\">\n\t\t\t<span class=\"sow-icon-fontawesome sow-fas\" data-sow-icon=\"&#xf2b5;\"\n\t\t \n\t\taria-hidden=\"true\"><\/span>\t<\/div>\n<\/div><\/div><\/div><\/div><div id=\"pgc-86-0-1\"  class=\"panel-grid-cell\" ><div id=\"panel-86-0-1-0\" class=\"so-panel widget widget_text panel-first-child panel-last-child\" data-index=\"1\" ><div style=\"text-align: left;\" data-title-color=\"#181c2b\" data-headings-color=\"#181c2b\" class=\"panel-widget-style panel-widget-style-for-86-0-1-0\" ><h3 class=\"widget-title\">VENTE<\/h3>\t\t\t<div class=\"textwidget\"><p>Gr\u00e2ce \u00e0 nos connaissances du march\u00e9, notre professionnalisme et notre savoir-faire, vendre votre bien n&#8217;aura jamais \u00e9t\u00e9 aussi facile.\u00a0<em>Welc&#8217;Home Immobilier\u00a0<\/em>vous accompagne tout au long du processus de vente en vous proposant :<\/p>\n<ul>\n<li>Une estimation r\u00e9aliste de votre bien<\/li>\n<li>L&#8217;\u00e9laboration et l&#8217;organisation de votre dossier<\/li>\n<li>Un plan marketing adapt\u00e9 \u00e0 votre projet<\/li>\n<li>La gestion et l&#8217;organisation des visites<\/li>\n<li>La n\u00e9gociation avec les futurs acheteurs<\/li>\n<li>Un suivi personnalis\u00e9 permanent<\/li>\n<li>Un accompagnement de l&#8217;estimation de votre bien jusqu&#8217;\u00e0 la signature de l&#8217;acte notari\u00e9<\/li>\n<\/ul>\n<p>&nbsp;<\/p>\n<p>Envie d&#8217;\u00eatre satisfait de la vente de votre bien? Commencez par une pr\u00e9-estimation de votre bien avec notre <strong><a href=\"https:\/\/welchome.lu\/?page_id=1115\">outil en ligne<\/a><\/strong>.<\/p>\n<\/div>\n\t\t<\/div><\/div><\/div><\/div><\/div><div id=\"pg-86-1\"  class=\"panel-grid panel-has-style\" ><div class=\"siteorigin-panels-stretch panel-row-style panel-row-style-for-86-1\" style=\"padding: 100px 0; \" data-stretch-type=\"full-stretched-padded\" data-overlay=\"true\" data-overlay-color=\"#000000\" ><div id=\"pgc-86-1-0\"  class=\"panel-grid-cell\" ><div id=\"panel-86-1-0-0\" class=\"so-panel widget widget_sow-icon panel-first-child panel-last-child\" data-index=\"2\" ><div style=\"text-align: center;\" data-title-color=\"#443f3f\" data-headings-color=\"#443f3f\" class=\"panel-widget-style panel-widget-style-for-86-1-0-0\" ><div\n\t\t\t\n\t\t\tclass=\"so-widget-sow-icon so-widget-sow-icon-default-f6e2d78921f6-86\"\n\t\t\t\n\t\t>\n<div class=\"sow-icon-container sow-icon\">\n\t\t\t<span class=\"sow-icon-fontawesome sow-fas\" data-sow-icon=\"&#xf015;\"\n\t\t \n\t\taria-hidden=\"true\"><\/span>\t<\/div>\n<\/div><\/div><\/div><\/div><div id=\"pgc-86-1-1\"  class=\"panel-grid-cell\" ><div id=\"panel-86-1-1-0\" class=\"so-panel widget widget_text panel-first-child panel-last-child\" data-index=\"3\" ><div style=\"text-align: left;\" data-title-color=\"#e4e6ec\" data-headings-color=\"#443f3f\" class=\"panel-widget-style panel-widget-style-for-86-1-1-0\" ><h3 class=\"widget-title\">LOCATION<\/h3>\t\t\t<div class=\"textwidget\"><p>Louer correctement son bien devient de plus en plus difficile. Louer avec\u00a0<em><strong>Welc&#8217;Home Immobilier<\/strong><\/em> c&#8217;est :<\/p>\n<ul>\n<li>Les connaissances de la l\u00e9gislation et de ses modifications<\/li>\n<li>La recherche d&#8217;un locataire<\/li>\n<li>L&#8217;\u00e9tablissement du bail, des \u00e9tats des lieux d&#8217;entr\u00e9e et de sortie<\/li>\n<li>Veiller au bon d\u00e9roulement du contrat de location<\/li>\n<\/ul>\n<p>&nbsp;<\/p>\n<p>Envie d&#8217;une location r\u00e9ussie? <strong><a href=\"https:\/\/welchome.lu\/?page_id=89\">Contactez-nous<\/a><\/strong><\/p>\n<\/div>\n\t\t<\/div><\/div><\/div><\/div><\/div><div id=\"pg-86-2\"  class=\"panel-grid panel-has-style\" ><div class=\"siteorigin-panels-stretch panel-row-style panel-row-style-for-86-2\" style=\"padding: 100px 0; \" data-stretch-type=\"full-stretched-padded\" data-overlay=\"true\" data-overlay-color=\"#000000\" ><div id=\"pgc-86-2-0\"  class=\"panel-grid-cell\" ><div id=\"panel-86-2-0-0\" class=\"so-panel widget widget_sow-icon panel-first-child panel-last-child\" data-index=\"4\" ><div style=\"text-align: center;\" data-title-color=\"#443f3f\" data-headings-color=\"#443f3f\" class=\"panel-widget-style panel-widget-style-for-86-2-0-0\" ><div\n\t\t\t\n\t\t\tclass=\"so-widget-sow-icon so-widget-sow-icon-default-7127db9bdc6b-86\"\n\t\t\t\n\t\t>\n<div class=\"sow-icon-container sow-icon\">\n\t\t\t<span class=\"sow-icon-fontawesome sow-fas\" data-sow-icon=\"&#xf084;\"\n\t\t \n\t\taria-hidden=\"true\"><\/span>\t<\/div>\n<\/div><\/div><\/div><\/div><div id=\"pgc-86-2-1\"  class=\"panel-grid-cell\" ><div id=\"panel-86-2-1-0\" class=\"so-panel widget widget_text panel-first-child panel-last-child\" data-index=\"5\" ><div style=\"text-align: left;\" data-title-color=\"#181c2b\" data-headings-color=\"#443f3f\" class=\"panel-widget-style panel-widget-style-for-86-2-1-0\" ><h3 class=\"widget-title\">GESTION<\/h3>\t\t\t<div class=\"textwidget\"><p>Le temps vous manque pour vous occuper pleinement de la gestion de vos biens? Faire g\u00e9rer par <strong><em>Welc&#8217;Home Immobilier<\/em><\/strong> c&#8217;est :<\/p>\n<ul>\n<li>La recherche d&#8217;un locataire<\/li>\n<li>La r\u00e9alisation des visites<\/li>\n<li>L&#8217;\u00e9tablissement du bail, des \u00e9tats des lieux d&#8217;entr\u00e9e et de sortie<\/li>\n<li>L&#8217;assurance de l&#8217;entretien du bien<\/li>\n<li>La gestion des sinistres et des contentieux avec les locataires<\/li>\n<li>La repr\u00e9sentation aupr\u00e8s des syndics et formalit\u00e9s administratives<\/li>\n<li>La possibilit\u00e9 de la mise en place d&#8217;une garantie loyers impay\u00e9s<\/li>\n<\/ul>\n<p>&nbsp;<\/p>\n<p>Envie de vous rendre la vie plus facile?\u00a0<strong><a href=\"https:\/\/welchome.lu\/?page_id=89\">Contactez-nous<\/a><\/strong><\/p>\n<\/div>\n\t\t<\/div><\/div><\/div><\/div><\/div><div id=\"pg-86-3\"  class=\"panel-grid panel-has-style\" ><div class=\"siteorigin-panels-stretch panel-row-style panel-row-style-for-86-3\" style=\"padding: 100px 0; \" data-stretch-type=\"full-stretched-padded\" data-overlay=\"true\" data-overlay-color=\"#000000\" ><div id=\"pgc-86-3-0\"  class=\"panel-grid-cell\" ><div id=\"panel-86-3-0-0\" class=\"so-panel widget widget_sow-icon panel-first-child panel-last-child\" data-index=\"6\" ><div style=\"text-align: center;\" data-title-color=\"#443f3f\" data-headings-color=\"#443f3f\" class=\"panel-widget-style panel-widget-style-for-86-3-0-0\" ><div\n\t\t\t\n\t\t\tclass=\"so-widget-sow-icon so-widget-sow-icon-default-f6e2d78921f6-86\"\n\t\t\t\n\t\t>\n<div class=\"sow-icon-container sow-icon\">\n\t\t\t<span class=\"sow-icon-fontawesome sow-fas\" data-sow-icon=\"&#xf1ad;\"\n\t\t \n\t\taria-hidden=\"true\"><\/span>\t<\/div>\n<\/div><\/div><\/div><\/div><div id=\"pgc-86-3-1\"  class=\"panel-grid-cell\" ><div id=\"panel-86-3-1-0\" class=\"so-panel widget widget_text panel-first-child panel-last-child\" data-index=\"7\" ><div style=\"text-align: left;\" data-title-color=\"#e4e6ec\" data-headings-color=\"#443f3f\" class=\"panel-widget-style panel-widget-style-for-86-3-1-0\" ><h3 class=\"widget-title\">SYNDIC<\/h3>\t\t\t<div class=\"textwidget\"><p>G\u00e9rer un immeuble n&#8217;est pas chose facile. Le syndic de votre immeuble avec <em><strong>Welc&#8217;Home Immobilier<\/strong><\/em> c&#8217;est :<\/p>\n<ul>\n<li>La gestion courante\u00a0 (assembl\u00e9e g\u00e9n\u00e9rale, proc\u00e8s-verbal, ex\u00e9cution des decisions prises,..)<\/li>\n<li>La gestion financi\u00e8re\u00a0 (tenue de la comptabilit\u00e9, paiement des factures, d\u00e9comptes d\u00e9taill\u00e9s,..)<\/li>\n<li>La gestion des assurances (souscription, d\u00e9claration des sinistres, r\u00e8glement des indemnit\u00e9s,..)<\/li>\n<li>La gestion technique (inspection mensuelle, contrats d&#8217;entretien, contr\u00f4le et ex\u00e9cution des travaux,..)<\/li>\n<\/ul>\n<p>&nbsp;<\/p>\n<p>Envie d&#8217;une gestion compl\u00e8te de votre immeuble ?\u00a0<strong><a href=\"https:\/\/welchome.lu\/?page_id=89\">Contactez-nous<\/a><\/strong><\/p>\n<\/div>\n\t\t<\/div><\/div><\/div><\/div><\/div><\/div>","protected":false},"excerpt":{"rendered":"<p>Gr\u00e2ce \u00e0 nos connaissances du march\u00e9, notre professionnalisme et notre savoir-faire, vendre votre bien n&#8217;aura jamais \u00e9t\u00e9 aussi facile.\u00a0Welc&#8217;Home Immobilier\u00a0vous [&hellip;]<\/p>\n","protected":false},"author":1,"featured_media":0,"parent":0,"menu_order":0,"comment_status":"closed","ping_status":"closed","template":"elementor_header_footer","meta":{"_monsterinsights_skip_tracking":false,"_monsterinsights_sitenote_active":false,"_monsterinsights_sitenote_note":"","_monsterinsights_sitenote_category":0,"footnotes":""},"class_list":["post-86","page","type-page","status-publish","hentry"],"aioseo_notices":[],"_links":{"self":[{"href":"https:\/\/welchome.lu\/index.php?rest_route=\/wp\/v2\/pages\/86","targetHints":{"allow":["GET"]}}],"collection":[{"href":"https:\/\/welchome.lu\/index.php?rest_route=\/wp\/v2\/pages"}],"about":[{"href":"https:\/\/welchome.lu\/index.php?rest_route=\/wp\/v2\/types\/page"}],"author":[{"embeddable":true,"href":"https:\/\/welchome.lu\/index.php?rest_route=\/wp\/v2\/users\/1"}],"replies":[{"embeddable":true,"href":"https:\/\/welchome.lu\/index.php?rest_route=%2Fwp%2Fv2%2Fcomments&post=86"}],"version-history":[{"count":93,"href":"https:\/\/welchome.lu\/index.php?rest_route=\/wp\/v2\/pages\/86\/revisions"}],"predecessor-version":[{"id":5403,"href":"https:\/\/welchome.lu\/index.php?rest_route=\/wp\/v2\/pages\/86\/revisions\/5403"}],"wp:attachment":[{"href":"https:\/\/welchome.lu\/index.php?rest_route=%2Fwp%2Fv2%2Fmedia&parent=86"}],"curies":[{"name":"wp","href":"https:\/\/api.w.org\/{rel}","templated":true}]}}